{"id":4385,"date":"2020-10-05T07:33:00","date_gmt":"2020-10-05T07:33:00","guid":{"rendered":"https:\/\/reina.qodeinteractive.com\/?page_id=4385"},"modified":"2025-02-15T11:07:17","modified_gmt":"2025-02-15T11:07:17","slug":"baudouin-dereine","status":"publish","type":"page","link":"https:\/\/dereineb.com\/nl\/boudewijn-dereine\/","title":{"rendered":"Baudouin Dereine"},"content":{"rendered":"<div data-elementor-type=\"wp-page\" data-elementor-id=\"4385\" class=\"elementor elementor-4385\" data-elementor-post-type=\"page\">\n\t\t\t\t\t\t<section class=\"elementor-section elementor-top-section elementor-element elementor-element-b2d8fde qodef-elementor-content-grid elementor-section-boxed elementor-section-height-default elementor-section-height-default\" data-id=\"b2d8fde\" data-element_type=\"section\">\n\t\t\t\t\t\t<div class=\"elementor-container elementor-column-gap-default\">\n\t\t\t\t\t<div class=\"elementor-column elementor-col-100 elementor-top-column elementor-element elementor-element-7c522c5\" data-id=\"7c522c5\" data-element_type=\"column\">\n\t\t\t<div class=\"elementor-widget-wrap elementor-element-populated\">\n\t\t\t\t\t\t<div class=\"elementor-element elementor-element-54851e8 elementor-widget elementor-widget-reina_core_section_title\" data-id=\"54851e8\" data-element_type=\"widget\" data-widget_type=\"reina_core_section_title.default\">\n\t\t\t\t<div class=\"elementor-widget-container\">\n\t\t\t<div class=\"qodef-shortcode qodef-m  qodef-section-title\">\n\t<div class=\"qodef-m-heading\">\n\t\t\t\t\t<h3 class=\"qodef-m-title\" >\n\t\t\t\t\tBoudewijn Dereine: een pionier in wellness en fitness\t\t\t<\/h3>\n\t<\/div>\n\t\t<p class=\"qodef-m-text\" style=\"margin-top: 17px\">Vier decennia innovatie en expertise in EMS en gezondheidszorg<\/p>\n\t<\/div>\t\t<\/div>\n\t\t\t\t<\/div>\n\t\t\t\t\t<\/div>\n\t\t<\/div>\n\t\t\t\t\t<\/div>\n\t\t<\/section>\n\t\t\t\t<section class=\"elementor-section elementor-top-section elementor-element elementor-element-d4c9a91 elementor-section-boxed elementor-section-height-default elementor-section-height-default qodef-elementor-content-no\" data-id=\"d4c9a91\" data-element_type=\"section\">\n\t\t\t\t\t\t<div class=\"elementor-container elementor-column-gap-default\">\n\t\t\t\t\t<div class=\"elementor-column elementor-col-100 elementor-top-column elementor-element elementor-element-3fc9e90\" data-id=\"3fc9e90\" data-element_type=\"column\">\n\t\t\t<div class=\"elementor-widget-wrap elementor-element-populated\">\n\t\t\t\t\t\t<div class=\"elementor-element elementor-element-7aa116e elementor-widget elementor-widget-image\" data-id=\"7aa116e\" data-element_type=\"widget\" data-widget_type=\"image.default\">\n\t\t\t\t<div class=\"elementor-widget-container\">\n\t\t\t<style>\/*! elementor - v3.23.0 - 05-08-2024 *\/\n.elementor-widget-image{text-align:center}.elementor-widget-image a{display:inline-block}.elementor-widget-image a img[src$=\".svg\"]{width:48px}.elementor-widget-image img{vertical-align:middle;display:inline-block}<\/style>\t\t\t\t\t\t\t\t\t\t<img decoding=\"async\" src=\"https:\/\/dereineb.com\/wp-content\/uploads\/elementor\/thumbs\/Baudoin-Dereine-e1704374672872-qhtes57s2f7x733iiclqxe3jqgt20nkkpllzb9179c.jpeg\" title=\"Dereine\" alt=\"Dereine\" loading=\"lazy\" \/>\t\t\t\t\t\t\t\t\t\t\t\t\t<\/div>\n\t\t\t\t<\/div>\n\t\t\t\t\t<\/div>\n\t\t<\/div>\n\t\t\t\t\t<\/div>\n\t\t<\/section>\n\t\t\t\t<section class=\"elementor-section elementor-top-section elementor-element elementor-element-0094089 elementor-section-boxed elementor-section-height-default elementor-section-height-default qodef-elementor-content-no\" data-id=\"0094089\" data-element_type=\"section\">\n\t\t\t\t\t\t<div class=\"elementor-container elementor-column-gap-default\">\n\t\t\t\t\t<div class=\"elementor-column elementor-col-100 elementor-top-column elementor-element elementor-element-7e686e8\" data-id=\"7e686e8\" data-element_type=\"column\">\n\t\t\t<div class=\"elementor-widget-wrap elementor-element-populated\">\n\t\t\t\t\t\t<div class=\"elementor-element elementor-element-51a2eff elementor-widget elementor-widget-reina_core_section_title\" data-id=\"51a2eff\" data-element_type=\"widget\" data-widget_type=\"reina_core_section_title.default\">\n\t\t\t\t<div class=\"elementor-widget-container\">\n\t\t\t<div class=\"qodef-shortcode qodef-m  qodef-section-title\">\n\t<div class=\"qodef-m-heading\">\n\t\t\t\t\t<h3 class=\"qodef-m-title\" >\n\t\t\t\t\tGeschiedenis\t\t\t<\/h3>\n\t<\/div>\n\t\t<\/div>\t\t<\/div>\n\t\t\t\t<\/div>\n\t\t\t\t<div class=\"elementor-element elementor-element-116cca2 elementor-widget elementor-widget-text-editor\" data-id=\"116cca2\" data-element_type=\"widget\" data-widget_type=\"text-editor.default\">\n\t\t\t\t<div class=\"elementor-widget-container\">\n\t\t\t<style>\/*! elementor - v3.23.0 - 05-08-2024 *\/\n.elementor-widget-text-editor.elementor-drop-cap-view-stacked .elementor-drop-cap{background-color:#69727d;color:#fff}.elementor-widget-text-editor.elementor-drop-cap-view-framed .elementor-drop-cap{color:#69727d;border:3px solid;background-color:transparent}.elementor-widget-text-editor:not(.elementor-drop-cap-view-default) .elementor-drop-cap{margin-top:8px}.elementor-widget-text-editor:not(.elementor-drop-cap-view-default) .elementor-drop-cap-letter{width:1em;height:1em}.elementor-widget-text-editor .elementor-drop-cap{float:left;text-align:center;line-height:1;font-size:50px}.elementor-widget-text-editor .elementor-drop-cap-letter{display:inline-block}<\/style>\t\t\t\t<p>Baudouin Dereine is een gerenommeerd expert in de wereld van welzijn, sport en fitness, met een carri\u00e8re die vier decennia omspant.<\/p>\n<p>Zijn passie en toewijding op deze gebieden hebben ertoe geleid dat hij een invloedrijke en gerespecteerde figuur is geworden.<\/p>\n<p class=\" translation-block\">Vanaf het begin van zijn carri\u00e8re heeft Boudewijn zich onderscheiden door zijn holistische benadering van fitness, waarbij hij traditionele methoden combineert met technologische innovaties.<br>Zijn voortdurende zoektocht naar verbetering en effici\u00ebntie heeft hem ertoe gebracht om elektromyostimulatie (EMS) te onderzoeken en te beheersen, een geavanceerde trainingsmethode die gebruik maakt van elektrische impulsen om spiersamentrekkingen te stimuleren.<\/p>\n<p class=\" translation-block\">De afgelopen tien jaar heeft Baudouin Dereine zich intensief beziggehouden met EMS, waarbij hij heeft gewerkt met geavanceerde technologie\u00ebn zoals crosstalk.<br>Deze expertise heeft ertoe geleid dat hij heeft samengewerkt met 's werelds toonaangevende merken op dit gebied, waarbij hij optrad als consultant, behandelaar en trainer.<\/p>\n<p>Als trainer en consultant onderscheidt Baudouin Dereine zich door zijn vermogen om persoonlijke programma's te cre\u00ebren die voldoen aan individuele behoeften op het gebied van gezondheid, fitness en welzijn.<br>Het staat bekend om zijn persoonlijke aanpak, die erop gericht is het potentieel van elk individu te maximaliseren.<\/p>\n<p>Baudouin Dereine staat ook bekend om zijn inzet om zijn passie en kennis te delen. Dankzij zijn innovatieve methodologie en geavanceerde trainingstechnieken heeft hij de normen op het gebied van sport, revalidatie, welzijn en esthetiek helpen verhogen.<\/p>\n<p>Zijn biografie getuigt van zijn niet aflatende toewijding aan het verbeteren van de levenskwaliteit en fysieke prestaties van de mensen die hij coacht, waardoor hij een inspiratiebron en rolmodel is in de wellness- en fitnessbranche.<\/p>\t\t\t\t\t\t<\/div>\n\t\t\t\t<\/div>\n\t\t\t\t\t<\/div>\n\t\t<\/div>\n\t\t\t\t\t<\/div>\n\t\t<\/section>\n\t\t\t\t<\/div>","protected":false},"excerpt":{"rendered":"<p>Baudouin Dereine : Un Pionnier du Bien-\u00eatre et du Fitness Quatre D\u00e9cennies d&#039;Innovation et d&#039;Expertise en EMS et Sant\u00e9 Historique Baudouin Dereine est un expert renomm\u00e9 dans le monde du bien-\u00eatre, du sport et du fitness, avec une carri\u00e8re qui s&rsquo;\u00e9tend sur quatre d\u00e9cennies. Sa passion et son engagement pour ces domaines l&rsquo;ont conduit \u00e0 [&hellip;]<\/p>","protected":false},"author":1,"featured_media":0,"parent":0,"menu_order":0,"comment_status":"closed","ping_status":"closed","template":"page-full-width.php","meta":{"footnotes":""},"yoast_head":"<!-- This site is optimized with the Yoast SEO Premium plugin v21.5 (Yoast SEO v23.3) - https:\/\/yoast.com\/wordpress\/plugins\/seo\/ -->\n<title>Baudouin Dereine - M\u00e9thode Dereine B<\/title>\n<meta name=\"robots\" content=\"index, follow, max-snippet:-1, max-image-preview:large, max-video-preview:-1\" \/>\n<link rel=\"canonical\" href=\"https:\/\/dereineb.com\/nl\/boudewijn-dereine\/\" \/>\n<meta property=\"og:locale\" content=\"nl_NL\" \/>\n<meta property=\"og:type\" content=\"article\" \/>\n<meta property=\"og:title\" content=\"Baudouin Dereine\" \/>\n<meta property=\"og:description\" content=\"Baudouin Dereine : Un Pionnier du Bien-\u00eatre et du Fitness Quatre D\u00e9cennies d&#039;Innovation et d&#039;Expertise en EMS et Sant\u00e9 Historique Baudouin Dereine est un expert renomm\u00e9 dans le monde du bien-\u00eatre, du sport et du fitness, avec une carri\u00e8re qui s&rsquo;\u00e9tend sur quatre d\u00e9cennies. Sa passion et son engagement pour ces domaines l&rsquo;ont conduit \u00e0 [&hellip;]\" \/>\n<meta property=\"og:url\" content=\"https:\/\/dereineb.com\/nl\/boudewijn-dereine\/\" \/>\n<meta property=\"og:site_name\" content=\"M\u00e9thode Dereine B\" \/>\n<meta property=\"article:modified_time\" content=\"2025-02-15T11:07:17+00:00\" \/>\n<meta property=\"og:image\" content=\"https:\/\/dereineb.com\/wp-content\/uploads\/elementor\/thumbs\/Baudoin-Dereine-e1704374672872-qhtes57s2f7x733iiclqxe3jqgt20nkkpllzb9179c.jpeg\" \/>\n<meta name=\"twitter:card\" content=\"summary_large_image\" \/>\n<meta name=\"twitter:label1\" content=\"Geschatte leestijd\" \/>\n\t<meta name=\"twitter:data1\" content=\"2 minuten\" \/>\n<script type=\"application\/ld+json\" class=\"yoast-schema-graph\">{\"@context\":\"https:\/\/schema.org\",\"@graph\":[{\"@type\":\"WebPage\",\"@id\":\"https:\/\/dereineb.com\/baudouin-dereine\/\",\"url\":\"https:\/\/dereineb.com\/baudouin-dereine\/\",\"name\":\"Baudouin Dereine - M\u00e9thode Dereine B\",\"isPartOf\":{\"@id\":\"https:\/\/dereineb.com\/#website\"},\"primaryImageOfPage\":{\"@id\":\"https:\/\/dereineb.com\/baudouin-dereine\/#primaryimage\"},\"image\":{\"@id\":\"https:\/\/dereineb.com\/baudouin-dereine\/#primaryimage\"},\"thumbnailUrl\":\"https:\/\/dereineb.com\/wp-content\/uploads\/elementor\/thumbs\/Baudoin-Dereine-e1704374672872-qhtes57s2f7x733iiclqxe3jqgt20nkkpllzb9179c.jpeg\",\"datePublished\":\"2020-10-05T07:33:00+00:00\",\"dateModified\":\"2025-02-15T11:07:17+00:00\",\"breadcrumb\":{\"@id\":\"https:\/\/dereineb.com\/baudouin-dereine\/#breadcrumb\"},\"inLanguage\":\"nl-NL\",\"potentialAction\":[{\"@type\":\"ReadAction\",\"target\":[\"https:\/\/dereineb.com\/baudouin-dereine\/\"]}]},{\"@type\":\"ImageObject\",\"inLanguage\":\"nl-NL\",\"@id\":\"https:\/\/dereineb.com\/baudouin-dereine\/#primaryimage\",\"url\":\"https:\/\/dereineb.com\/wp-content\/uploads\/elementor\/thumbs\/Baudoin-Dereine-e1704374672872-qhtes57s2f7x733iiclqxe3jqgt20nkkpllzb9179c.jpeg\",\"contentUrl\":\"https:\/\/dereineb.com\/wp-content\/uploads\/elementor\/thumbs\/Baudoin-Dereine-e1704374672872-qhtes57s2f7x733iiclqxe3jqgt20nkkpllzb9179c.jpeg\"},{\"@type\":\"BreadcrumbList\",\"@id\":\"https:\/\/dereineb.com\/baudouin-dereine\/#breadcrumb\",\"itemListElement\":[{\"@type\":\"ListItem\",\"position\":1,\"name\":\"Home\",\"item\":\"https:\/\/dereineb.com\/\"},{\"@type\":\"ListItem\",\"position\":2,\"name\":\"Baudouin Dereine\"}]},{\"@type\":\"WebSite\",\"@id\":\"https:\/\/dereineb.com\/#website\",\"url\":\"https:\/\/dereineb.com\/\",\"name\":\"M\u00e9thode Dereine B\",\"description\":\"silhouette affin\u00e9e, jeunesse retrouv\u00e9e, muscles renforc\u00e9s\",\"publisher\":{\"@id\":\"https:\/\/dereineb.com\/#organization\"},\"potentialAction\":[{\"@type\":\"SearchAction\",\"target\":{\"@type\":\"EntryPoint\",\"urlTemplate\":\"https:\/\/dereineb.com\/?s={search_term_string}\"},\"query-input\":\"required name=search_term_string\"}],\"inLanguage\":\"nl-NL\"},{\"@type\":\"Organization\",\"@id\":\"https:\/\/dereineb.com\/#organization\",\"name\":\"M\u00e9thode Dereine B\",\"url\":\"https:\/\/dereineb.com\/\",\"logo\":{\"@type\":\"ImageObject\",\"inLanguage\":\"nl-NL\",\"@id\":\"https:\/\/dereineb.com\/#\/schema\/logo\/image\/\",\"url\":\"https:\/\/dereineb.com\/wp-content\/uploads\/2023\/11\/MD.B-sidebar.png\",\"contentUrl\":\"https:\/\/dereineb.com\/wp-content\/uploads\/2023\/11\/MD.B-sidebar.png\",\"width\":142,\"height\":68,\"caption\":\"M\u00e9thode Dereine B\"},\"image\":{\"@id\":\"https:\/\/dereineb.com\/#\/schema\/logo\/image\/\"}}]}<\/script>\n<!-- \/ Yoast SEO Premium plugin. -->","yoast_head_json":{"title":"Baudouin Dereine - M\u00e9thode Dereine B","robots":{"index":"index","follow":"follow","max-snippet":"max-snippet:-1","max-image-preview":"max-image-preview:large","max-video-preview":"max-video-preview:-1"},"canonical":"https:\/\/dereineb.com\/nl\/boudewijn-dereine\/","og_locale":"nl_NL","og_type":"article","og_title":"Baudouin Dereine","og_description":"Baudouin Dereine : Un Pionnier du Bien-\u00eatre et du Fitness Quatre D\u00e9cennies d&#039;Innovation et d&#039;Expertise en EMS et Sant\u00e9 Historique Baudouin Dereine est un expert renomm\u00e9 dans le monde du bien-\u00eatre, du sport et du fitness, avec une carri\u00e8re qui s&rsquo;\u00e9tend sur quatre d\u00e9cennies. Sa passion et son engagement pour ces domaines l&rsquo;ont conduit \u00e0 [&hellip;]","og_url":"https:\/\/dereineb.com\/nl\/boudewijn-dereine\/","og_site_name":"M\u00e9thode Dereine B","article_modified_time":"2025-02-15T11:07:17+00:00","og_image":[{"url":"https:\/\/dereineb.com\/wp-content\/uploads\/elementor\/thumbs\/Baudoin-Dereine-e1704374672872-qhtes57s2f7x733iiclqxe3jqgt20nkkpllzb9179c.jpeg"}],"twitter_card":"summary_large_image","twitter_misc":{"Geschatte leestijd":"2 minuten"},"schema":{"@context":"https:\/\/schema.org","@graph":[{"@type":"WebPage","@id":"https:\/\/dereineb.com\/baudouin-dereine\/","url":"https:\/\/dereineb.com\/baudouin-dereine\/","name":"Baudouin Dereine - M\u00e9thode Dereine B","isPartOf":{"@id":"https:\/\/dereineb.com\/#website"},"primaryImageOfPage":{"@id":"https:\/\/dereineb.com\/baudouin-dereine\/#primaryimage"},"image":{"@id":"https:\/\/dereineb.com\/baudouin-dereine\/#primaryimage"},"thumbnailUrl":"https:\/\/dereineb.com\/wp-content\/uploads\/elementor\/thumbs\/Baudoin-Dereine-e1704374672872-qhtes57s2f7x733iiclqxe3jqgt20nkkpllzb9179c.jpeg","datePublished":"2020-10-05T07:33:00+00:00","dateModified":"2025-02-15T11:07:17+00:00","breadcrumb":{"@id":"https:\/\/dereineb.com\/baudouin-dereine\/#breadcrumb"},"inLanguage":"nl-NL","potentialAction":[{"@type":"ReadAction","target":["https:\/\/dereineb.com\/baudouin-dereine\/"]}]},{"@type":"ImageObject","inLanguage":"nl-NL","@id":"https:\/\/dereineb.com\/baudouin-dereine\/#primaryimage","url":"https:\/\/dereineb.com\/wp-content\/uploads\/elementor\/thumbs\/Baudoin-Dereine-e1704374672872-qhtes57s2f7x733iiclqxe3jqgt20nkkpllzb9179c.jpeg","contentUrl":"https:\/\/dereineb.com\/wp-content\/uploads\/elementor\/thumbs\/Baudoin-Dereine-e1704374672872-qhtes57s2f7x733iiclqxe3jqgt20nkkpllzb9179c.jpeg"},{"@type":"BreadcrumbList","@id":"https:\/\/dereineb.com\/baudouin-dereine\/#breadcrumb","itemListElement":[{"@type":"ListItem","position":1,"name":"Home","item":"https:\/\/dereineb.com\/"},{"@type":"ListItem","position":2,"name":"Baudouin Dereine"}]},{"@type":"WebSite","@id":"https:\/\/dereineb.com\/#website","url":"https:\/\/dereineb.com\/","name":"M\u00e9thode Dereine B","description":"silhouette affin\u00e9e, jeunesse retrouv\u00e9e, muscles renforc\u00e9s","publisher":{"@id":"https:\/\/dereineb.com\/#organization"},"potentialAction":[{"@type":"SearchAction","target":{"@type":"EntryPoint","urlTemplate":"https:\/\/dereineb.com\/?s={search_term_string}"},"query-input":"required name=search_term_string"}],"inLanguage":"nl-NL"},{"@type":"Organization","@id":"https:\/\/dereineb.com\/#organization","name":"M\u00e9thode Dereine B","url":"https:\/\/dereineb.com\/","logo":{"@type":"ImageObject","inLanguage":"nl-NL","@id":"https:\/\/dereineb.com\/#\/schema\/logo\/image\/","url":"https:\/\/dereineb.com\/wp-content\/uploads\/2023\/11\/MD.B-sidebar.png","contentUrl":"https:\/\/dereineb.com\/wp-content\/uploads\/2023\/11\/MD.B-sidebar.png","width":142,"height":68,"caption":"M\u00e9thode Dereine B"},"image":{"@id":"https:\/\/dereineb.com\/#\/schema\/logo\/image\/"}}]}},"_links":{"self":[{"href":"https:\/\/dereineb.com\/nl\/wp-json\/wp\/v2\/pages\/4385"}],"collection":[{"href":"https:\/\/dereineb.com\/nl\/wp-json\/wp\/v2\/pages"}],"about":[{"href":"https:\/\/dereineb.com\/nl\/wp-json\/wp\/v2\/types\/page"}],"author":[{"embeddable":true,"href":"https:\/\/dereineb.com\/nl\/wp-json\/wp\/v2\/users\/1"}],"replies":[{"embeddable":true,"href":"https:\/\/dereineb.com\/nl\/wp-json\/wp\/v2\/comments?post=4385"}],"version-history":[{"count":34,"href":"https:\/\/dereineb.com\/nl\/wp-json\/wp\/v2\/pages\/4385\/revisions"}],"predecessor-version":[{"id":18268,"href":"https:\/\/dereineb.com\/nl\/wp-json\/wp\/v2\/pages\/4385\/revisions\/18268"}],"wp:attachment":[{"href":"https:\/\/dereineb.com\/nl\/wp-json\/wp\/v2\/media?parent=4385"}],"curies":[{"name":"wp","href":"https:\/\/api.w.org\/{rel}","templated":true}]}}