{"id":17378,"date":"2023-12-05T09:29:46","date_gmt":"2023-12-05T09:29:46","guid":{"rendered":"https:\/\/dereineb.com\/?page_id=17378"},"modified":"2025-02-15T11:11:20","modified_gmt":"2025-02-15T11:11:20","slug":"studios","status":"publish","type":"page","link":"https:\/\/dereineb.com\/nl\/studios\/","title":{"rendered":"Studio's"},"content":{"rendered":"<div data-elementor-type=\"wp-page\" data-elementor-id=\"17378\" class=\"elementor elementor-17378\" data-elementor-post-type=\"page\">\n\t\t\t\t\t\t<section class=\"elementor-section elementor-top-section elementor-element elementor-element-4d97364 elementor-section-full_width elementor-section-height-default elementor-section-height-default qodef-elementor-content-no\" data-id=\"4d97364\" data-element_type=\"section\">\n\t\t\t\t\t\t<div class=\"elementor-container elementor-column-gap-default\">\n\t\t\t\t\t<div class=\"elementor-column elementor-col-100 elementor-top-column elementor-element elementor-element-9c0cb5e\" data-id=\"9c0cb5e\" data-element_type=\"column\">\n\t\t\t<div class=\"elementor-widget-wrap elementor-element-populated\">\n\t\t\t\t\t\t<div class=\"elementor-element elementor-element-6db14fd elementor-widget elementor-widget-shortcode\" data-id=\"6db14fd\" data-element_type=\"widget\" data-widget_type=\"shortcode.default\">\n\t\t\t\t<div class=\"elementor-widget-container\">\n\t\t\t\t\t<div class=\"elementor-shortcode\"><div id=\"yith-store-locator\" class=\"yith-sl-with-image yith-sl-image-left filters-beside-map map-right full-width\" data-atts='{&quot;show_map&quot;:&quot;yes&quot;,&quot;show_results&quot;:&quot;yes&quot;,&quot;show_stores_by_default&quot;:&quot;yes&quot;,&quot;stores_shown_by_default&quot;:&quot;all&quot;,&quot;map_longitude&quot;:&quot;&quot;,&quot;map_latitude&quot;:&quot;&quot;,&quot;map_type&quot;:&quot;roadmap&quot;,&quot;map_zoom&quot;:&quot;9&quot;,&quot;map_user_icon&quot;:&quot;https:\\\/\\\/dereineb.com\\\/wp-content\\\/plugins\\\/yith-store-locator-for-wordpress\\\/assets\\\/images\\\/store-locator\\\/user-position.svg&quot;,&quot;map_style&quot;:[{&quot;elementType&quot;:&quot;geometry&quot;,&quot;stylers&quot;:[{&quot;color&quot;:&quot;#f5f5f5&quot;}]},{&quot;elementType&quot;:&quot;labels.icon&quot;,&quot;stylers&quot;:[{&quot;visibility&quot;:&quot;off&quot;}]},{&quot;elementType&quot;:&quot;labels.text.fill&quot;,&quot;stylers&quot;:[{&quot;color&quot;:&quot;#616161&quot;}]},{&quot;elementType&quot;:&quot;labels.text.stroke&quot;,&quot;stylers&quot;:[{&quot;color&quot;:&quot;#f5f5f5&quot;}]},{&quot;featureType&quot;:&quot;administrative.land_parcel&quot;,&quot;elementType&quot;:&quot;labels.text.fill&quot;,&quot;stylers&quot;:[{&quot;color&quot;:&quot;#bdbdbd&quot;}]},{&quot;featureType&quot;:&quot;poi&quot;,&quot;elementType&quot;:&quot;geometry&quot;,&quot;stylers&quot;:[{&quot;color&quot;:&quot;#eeeeee&quot;}]},{&quot;featureType&quot;:&quot;poi&quot;,&quot;elementType&quot;:&quot;labels.text.fill&quot;,&quot;stylers&quot;:[{&quot;color&quot;:&quot;#757575&quot;}]},{&quot;featureType&quot;:&quot;poi.park&quot;,&quot;elementType&quot;:&quot;geometry&quot;,&quot;stylers&quot;:[{&quot;color&quot;:&quot;#e5e5e5&quot;}]},{&quot;featureType&quot;:&quot;poi.park&quot;,&quot;elementType&quot;:&quot;labels.text.fill&quot;,&quot;stylers&quot;:[{&quot;color&quot;:&quot;#9e9e9e&quot;}]},{&quot;featureType&quot;:&quot;road&quot;,&quot;elementType&quot;:&quot;geometry&quot;,&quot;stylers&quot;:[{&quot;color&quot;:&quot;#ffffff&quot;}]},{&quot;featureType&quot;:&quot;road.arterial&quot;,&quot;elementType&quot;:&quot;labels.text.fill&quot;,&quot;stylers&quot;:[{&quot;color&quot;:&quot;#757575&quot;}]},{&quot;featureType&quot;:&quot;road.highway&quot;,&quot;elementType&quot;:&quot;geometry&quot;,&quot;stylers&quot;:[{&quot;color&quot;:&quot;#dadada&quot;}]},{&quot;featureType&quot;:&quot;road.highway&quot;,&quot;elementType&quot;:&quot;labels.text.fill&quot;,&quot;stylers&quot;:[{&quot;color&quot;:&quot;#616161&quot;}]},{&quot;featureType&quot;:&quot;road.local&quot;,&quot;elementType&quot;:&quot;labels.text.fill&quot;,&quot;stylers&quot;:[{&quot;color&quot;:&quot;#9e9e9e&quot;}]},{&quot;featureType&quot;:&quot;transit.line&quot;,&quot;elementType&quot;:&quot;geometry&quot;,&quot;stylers&quot;:[{&quot;color&quot;:&quot;#e5e5e5&quot;}]},{&quot;featureType&quot;:&quot;transit.station&quot;,&quot;elementType&quot;:&quot;geometry&quot;,&quot;stylers&quot;:[{&quot;color&quot;:&quot;#eeeeee&quot;}]},{&quot;featureType&quot;:&quot;water&quot;,&quot;elementType&quot;:&quot;geometry&quot;,&quot;stylers&quot;:[{&quot;color&quot;:&quot;#c9c9c9&quot;}]},{&quot;featureType&quot;:&quot;water&quot;,&quot;elementType&quot;:&quot;labels.text.fill&quot;,&quot;stylers&quot;:[{&quot;color&quot;:&quot;#9e9e9e&quot;}]}],&quot;map_scroll_type&quot;:&quot;cooperative&quot;,&quot;show_radius_circle&quot;:&quot;yes&quot;,&quot;circle_border_color&quot;:&quot;rgb(66,90,99)&quot;,&quot;circle_border_weight&quot;:&quot;2&quot;,&quot;circle_background_color&quot;:&quot;rgb(66,90,99)&quot;,&quot;pin_modal_trigger_event&quot;:&quot;mouseover&quot;,&quot;move_map_to_selected_store_event&quot;:&quot;mouseenter&quot;,&quot;geolocation&quot;:&quot;no&quot;,&quot;autogeolocation&quot;:&quot;no&quot;,&quot;autosearch&quot;:&quot;yes&quot;,&quot;filter_radius_default_step&quot;:&quot;50&quot;,&quot;filter_radius_distance_unit&quot;:&quot;km&quot;,&quot;show_filters_with_results&quot;:&quot;yes&quot;,&quot;search_bar_filters_position&quot;:&quot;beside-map&quot;,&quot;filter_radius_title&quot;:&quot;Distance&quot;,&quot;results_columns&quot;:&quot;one&quot;,&quot;full_width_layout&quot;:&quot;yes&quot;,&quot;side_padding_full_width&quot;:&quot;0px 20px 0px 20px&quot;,&quot;enable_pin_modal&quot;:&quot;yes&quot;,&quot;number_results_to_show&quot;:&quot;5&quot;,&quot;results_info_to_show&quot;:null,&quot;ajaxurl&quot;:&quot;https:\\\/\\\/dereineb.com\\\/wp-admin\\\/admin-ajax.php&quot;,&quot;alert_geolocalization_not_supported&quot;:&quot;Je browser ondersteunt geo-locatie niet&quot;,&quot;alert_calculate_position_error&quot;:&quot;It is not possible geolocate your position.&quot;,&quot;action_get_results&quot;:&quot;yith_sl_get_results&quot;,&quot;geocode_no_results&quot;:&quot;Geen winkels gevonden.&quot;,&quot;geocode_failed_to&quot;:&quot;Geo-coderen gefaald omdat:&quot;,&quot;show_default_location_for_no_results&quot;:false,&quot;autocomplete_options&quot;:[],&quot;map_gesture_handling&quot;:&quot;auto&quot;,&quot;map_zoom_control&quot;:true,&quot;change_browser_url&quot;:&quot;no&quot;,&quot;radius_taxonomy_slug&quot;:&quot;radius&quot;,&quot;query_args_to_keep&quot;:[]}'>\n\n\t<div id=\"yith-sl-wrapper-before-main-sections\">\n\t\t\t<\/div>\n\n\n\t<div class=\"wrapper-main-sections\">\n\n\n\t\t<div id=\"yith-sl-section-results\">\n\n\t\t\t\n<div id=\"yith-sl-wrap-search-stores\">\n\n\t<div id=\"yith-sl-search-stores\">\n\n\t\t<h4 class=\"title-search-bar\">Gelabelde studio's<\/h4>\n\n\t\t\t\t\t\t\t\t<label for=\"search-stores\" class=\"wrap-search-bar\" id=\"yith-sl-wrap-search-bar\">\n\t\t\t\t<input type=\"text\" id=\"yith-sl-search-bar-address\" class=\"search-stores yith-sl-gmap-places-autocomplete\" name=\"search-stores\" placeholder=\"Zoeken naar...\" value=\"\">\n\t\t\t\t<img decoding=\"async\" id=\"yith-sl-search-icon\" src=\"https:\/\/dereineb.com\/wp-content\/plugins\/yith-store-locator-for-wordpress\/assets\/images\/store-locator\/search.svg\">\n\t\t\t\t<span id=\"address-tooltip\">\n\t\t\t\t\tGeldig e-mailadres invoeren a.u.b.\t\t\t\t<\/span>\n\t\t\t<\/label>\n\t\t\n\t\t<div class=\"wrap-buttons\">\n\t\t\t\t\t<\/div>\n\n\t<\/div>\n\n<\/div>\n\n\n<button class=\"search-stores hidden\" id=\"yith-sl-search-button\" type=\"submit\">\n\tZoek op<\/button>\n<div id=\"yith-sl-results\">\n\t<h4 class=\"title\">\n\t\t\t<\/h4>\n\t<div class=\"stores-list\">\n\n\t<\/div>\n<\/div>\n\n\t\t<\/div>\n\n\t\t<div id=\"yith-sl-section-map\">\n\n\t\t\t\n<div id=\"yith-sl-gmap\" style=\"width:100%; height: 1000px\"><\/div>\n\n\t\t<\/div>\n\n\t<\/div>\n\n\t\n\t<input type=\"hidden\" id=\"yith-sl-language\" name=\"yith-sl-language\" value=\"nl-NL\" \/>\n<\/div>\n\n<style>\n\t\n    #yith-sl-main-filters-container.layout-dropdown .wrapper-filter.active .open-dropdown, \n    #yith-sl-main-filters-container.layout-dropdown .wrapper-filter.selected .open-dropdown{\n        border-color: rgb(66,90,99);\n        background-color: rgb(66,90,99)\n    }\n    \n    #wrapper-active-filters .wrapper-terms li{\n        border-color: rgb(66,90,99);\n        color: rgb(66,90,99)\n    }\n    \n    #yith-sl-main-filters-container .wrapper-options li:hover label,\n    #yith-sl-main-filters-container.layout-dropdown .wrapper-filter .open-dropdown:hover{\n        color: rgb(66,90,99)\n    }\n    \n    #yith-store-locator select:hover, #yith-sl-main-filters-container .wrapper-options li:hover .checkboxbutton:before,\n    #yith-sl-main-filters-container.layout-dropdown .wrapper-filter .open-dropdown:hover,\n    #yith-sl-show-all-stores:hover{\n        border-color: rgb(66,90,99);\n    }\n    \n    .yith-sl-pin-modal .store-name span:first-child,\n    #yith-sl-reset-all-filters\n    {\n        color: rgb(66,90,99);\n    }\n    \n    #yith-sl-results .wrap-no-image,\n    #yith-sl-main-filters-container .wrapper-options li .checkboxbutton.checked:before\n    {\n        background-color: rgb(66,90,99)\n    }\n\n    #yith-sl-wrap-loader{\n         background-color: #ffffff;\n    }\n    \n    #yith-sl-loader{\n        margin-top:  -50px!important;\n        margin-left: -50px!important;\n    }\n\n\n    #yith-sl-section-map{\n        width: 65%;\n        order: 2; \n    }\n    \n    #yith-sl-section-results{\n        width: 35%;\n        order: 1;\n    }\n    \n    .wrapper-main-sections{\n        height: 1000px\n    }\n\n\n    #yith-sl-wrap-search-bar{\n        background-color: #ffffff;\n    }\n        \n    #yith-sl-wrap-search-bar input::-webkit-input-placeholder { \n      color: #9D9D9D;\n    }\n    #yith-sl-wrap-search-bar input::-moz-placeholder { \/* Firefox 19+ *\/\n      color: #9D9D9D;\n    }\n    #yith-sl-wrap-search-bar input:-ms-input-placeholder { \/* IE 10+ *\/\n      color: #9D9D9D;\n    }\n    #yith-sl-wrap-search-bar input:-moz-placeholder { \/* Firefox 18- *\/\n      color: #9D9D9D;\n    }\n    #yith-sl-search-button{\n      background-color: #18BCA9;\n      color: #ffffff;\n    }\n    #yith-sl-search-button:hover{\n      background-color: #008A81;\n      color: #ffffff;\n    }\n    button#yith-sl-geolocation{\n      background-color: rgb(64,88,97);\n      color: #ffffff;\n    }\n    button#yith-sl-geolocation:hover{\n      background-color: rgb(55,75,81);\n      color: #ffffff;\n    }\n    button#yith-sl-geolocation {\n        background-image: url('https:\/\/dereineb.com\/wp-content\/plugins\/yith-store-locator-for-wordpress\/assets\/images\/store-locator\/geolocation.svg');\n    }\n    button#yith-sl-show-all-stores{\n        background-color: #ffffff;\n        color: #3A3A3A;\n        background-image: url('https:\/\/dereineb.com\/wp-content\/plugins\/yith-store-locator-for-wordpress\/assets\/images\/store-locator\/all-stores.svg');\n      \n    }\n    button#yith-sl-show-all-stores:hover{\n        background-color: #ffffff;\n        color: #3A3A3A;\n    }\n    \n    #yith-sl-view-all{    \n        color: rgb(66,90,99);\n    }\n    \n    #yith-sl-view-all:hover{    \n        color: rgb(57,77,85);\n    }\n    \n    #yith-sl-section-results::-webkit-scrollbar,\n    .wrapper-options ul::-webkit-scrollbar{\n        width: 5px;\n        background-color: #d0d0d0;\n        direction: rtl;\n    }\n    \n    #yith-sl-section-results::-webkit-scrollbar-thumb,\n    .wrapper-options ul::-webkit-scrollbar-thumb {\n        background-color: rgb(66,90,99);\n    }\n    \n    #yith-sl-results .featured-store,\n    .yith-sl-pin-modal .featured-store{\n        color: #ffffff;\n        background-color: rgb(172,212,228);\n    }\n    \n    #yith-sl-results .wrap-store-details.featured,\n    .yith-sl-pin-modal .featured{\n        background-color: #F4F4F4;\n    }\n    \n    #yith-sl-results .get-direction.link,\n    .yith-sl-pin-modal .get-direction.link{\n        color: rgb(66,90,99);\n    }\n    \n    #yith-sl-results .get-direction.link:hover,\n    .yith-sl-pin-modal .get-direction.link:hover{\n        color: rgb(57,77,85);\n    }\n    \n    #yith-sl-results .get-direction.button,\n    .yith-sl-pin-modal .get-direction.button{\n        background-color: rgb(66,90,99);\n        color: #ffffff;\n    }\n    \n    #yith-sl-results .get-direction.button:hover,\n    ..yith-sl-pin-modal .get-direction.button:hover{\n        background-color: rgb(57,77,85);\n        color: #ffffff;\n    }\n    \n    #yith-sl-results .contact-store.link,\n    .yith-sl-pin-modal .contact-store.link{\n        color: rgb(66,90,99);\n    }\n    \n    #yith-sl-results .contact-store.link:hover,\n    .yith-sl-pin-modal .contact-store.link:hover{\n        color: rgb(57,77,85);\n    }\n    \n    #yith-sl-results .contact-store.button,\n    .yith-sl-pin-modal .contact-store.button{\n        background-color: rgb(66,90,99);\n        color: #ffffff;\n    }\n    \n    #yith-sl-results .contact-store.button:hover,\n    .yith-sl-pin-modal .contact-store.button:hover{\n        background-color: rgb(57,77,85);\n        color: #ffffff;\n    }\n    \n    #yith-sl-results .view-website.button,\n    .yith-sl-pin-modal .view-website.button{\n        background-color: rgb(66,90,99);\n        color: #ffffff;\n    }\n    \n    #yith-sl-results .view-website.button:hover,\n    .yith-sl-pin-modal .view-website.button:hover{\n        background-color: rgb(57,77,85);\n        color: #ffffff;\n    }\n    \n    #yith-sl-results .view-website.link,\n    .yith-sl-pin-modal .view-website.link{\n        color: rgb(66,90,99);\n    }\n    \n    #yith-sl-results .view-website.link:hover,\n    .yith-sl-pin-modal .view-website.link:hover{\n        color: rgb(57,77,85);\n    }\n    \n    #yith-sl-gmap .gm-style .gm-style-iw{\n        width: 400px;\n        background-color: #ffffff;\n        color: #000000;\n        border-radius: 0px;\n        padding: 16px;\n    }\n    \n    #yith-sl-gmap button.gm-ui-hover-effect{\n        right: 0px!important;\n        top: 5px!important;\n    } \n    \n    #yith-sl-results .wrap-store-details:hover {\n        background-color: #E7F5F5;\n    }       \n\n<\/style>\n<\/div>\n\t\t\t\t<\/div>\n\t\t\t\t<\/div>\n\t\t\t\t\t<\/div>\n\t\t<\/div>\n\t\t\t\t\t<\/div>\n\t\t<\/section>\n\t\t\t\t<\/div>","protected":false},"excerpt":{"rendered":"","protected":false},"author":1,"featured_media":0,"parent":0,"menu_order":0,"comment_status":"closed","ping_status":"closed","template":"page-full-width.php","meta":{"footnotes":""},"yoast_head":"<!-- This site is optimized with the Yoast SEO Premium plugin v21.5 (Yoast SEO v23.3) - https:\/\/yoast.com\/wordpress\/plugins\/seo\/ -->\n<title>Studios - M\u00e9thode Dereine B<\/title>\n<meta name=\"robots\" content=\"index, follow, max-snippet:-1, max-image-preview:large, max-video-preview:-1\" \/>\n<link rel=\"canonical\" href=\"https:\/\/dereineb.com\/nl\/studios\/\" \/>\n<meta property=\"og:locale\" content=\"nl_NL\" \/>\n<meta property=\"og:type\" content=\"article\" \/>\n<meta property=\"og:title\" content=\"Studios\" \/>\n<meta property=\"og:url\" content=\"https:\/\/dereineb.com\/nl\/studios\/\" \/>\n<meta property=\"og:site_name\" content=\"M\u00e9thode Dereine B\" \/>\n<meta property=\"article:modified_time\" content=\"2025-02-15T11:11:20+00:00\" \/>\n<meta name=\"twitter:card\" content=\"summary_large_image\" \/>\n<meta name=\"twitter:label1\" content=\"Geschatte leestijd\" \/>\n\t<meta name=\"twitter:data1\" content=\"1 minuut\" \/>\n<script type=\"application\/ld+json\" class=\"yoast-schema-graph\">{\"@context\":\"https:\/\/schema.org\",\"@graph\":[{\"@type\":\"WebPage\",\"@id\":\"https:\/\/dereineb.com\/studios\/\",\"url\":\"https:\/\/dereineb.com\/studios\/\",\"name\":\"Studios - M\u00e9thode Dereine B\",\"isPartOf\":{\"@id\":\"https:\/\/dereineb.com\/#website\"},\"datePublished\":\"2023-12-05T09:29:46+00:00\",\"dateModified\":\"2025-02-15T11:11:20+00:00\",\"breadcrumb\":{\"@id\":\"https:\/\/dereineb.com\/studios\/#breadcrumb\"},\"inLanguage\":\"nl-NL\",\"potentialAction\":[{\"@type\":\"ReadAction\",\"target\":[\"https:\/\/dereineb.com\/studios\/\"]}]},{\"@type\":\"BreadcrumbList\",\"@id\":\"https:\/\/dereineb.com\/studios\/#breadcrumb\",\"itemListElement\":[{\"@type\":\"ListItem\",\"position\":1,\"name\":\"Home\",\"item\":\"https:\/\/dereineb.com\/\"},{\"@type\":\"ListItem\",\"position\":2,\"name\":\"Studios\"}]},{\"@type\":\"WebSite\",\"@id\":\"https:\/\/dereineb.com\/#website\",\"url\":\"https:\/\/dereineb.com\/\",\"name\":\"M\u00e9thode Dereine B\",\"description\":\"silhouette affin\u00e9e, jeunesse retrouv\u00e9e, muscles renforc\u00e9s\",\"publisher\":{\"@id\":\"https:\/\/dereineb.com\/#organization\"},\"potentialAction\":[{\"@type\":\"SearchAction\",\"target\":{\"@type\":\"EntryPoint\",\"urlTemplate\":\"https:\/\/dereineb.com\/?s={search_term_string}\"},\"query-input\":\"required name=search_term_string\"}],\"inLanguage\":\"nl-NL\"},{\"@type\":\"Organization\",\"@id\":\"https:\/\/dereineb.com\/#organization\",\"name\":\"M\u00e9thode Dereine B\",\"url\":\"https:\/\/dereineb.com\/\",\"logo\":{\"@type\":\"ImageObject\",\"inLanguage\":\"nl-NL\",\"@id\":\"https:\/\/dereineb.com\/#\/schema\/logo\/image\/\",\"url\":\"https:\/\/dereineb.com\/wp-content\/uploads\/2023\/11\/MD.B-sidebar.png\",\"contentUrl\":\"https:\/\/dereineb.com\/wp-content\/uploads\/2023\/11\/MD.B-sidebar.png\",\"width\":142,\"height\":68,\"caption\":\"M\u00e9thode Dereine B\"},\"image\":{\"@id\":\"https:\/\/dereineb.com\/#\/schema\/logo\/image\/\"}}]}<\/script>\n<!-- \/ Yoast SEO Premium plugin. -->","yoast_head_json":{"title":"Studios - M\u00e9thode Dereine B","robots":{"index":"index","follow":"follow","max-snippet":"max-snippet:-1","max-image-preview":"max-image-preview:large","max-video-preview":"max-video-preview:-1"},"canonical":"https:\/\/dereineb.com\/nl\/studios\/","og_locale":"nl_NL","og_type":"article","og_title":"Studios","og_url":"https:\/\/dereineb.com\/nl\/studios\/","og_site_name":"M\u00e9thode Dereine B","article_modified_time":"2025-02-15T11:11:20+00:00","twitter_card":"summary_large_image","twitter_misc":{"Geschatte leestijd":"1 minuut"},"schema":{"@context":"https:\/\/schema.org","@graph":[{"@type":"WebPage","@id":"https:\/\/dereineb.com\/studios\/","url":"https:\/\/dereineb.com\/studios\/","name":"Studios - M\u00e9thode Dereine B","isPartOf":{"@id":"https:\/\/dereineb.com\/#website"},"datePublished":"2023-12-05T09:29:46+00:00","dateModified":"2025-02-15T11:11:20+00:00","breadcrumb":{"@id":"https:\/\/dereineb.com\/studios\/#breadcrumb"},"inLanguage":"nl-NL","potentialAction":[{"@type":"ReadAction","target":["https:\/\/dereineb.com\/studios\/"]}]},{"@type":"BreadcrumbList","@id":"https:\/\/dereineb.com\/studios\/#breadcrumb","itemListElement":[{"@type":"ListItem","position":1,"name":"Home","item":"https:\/\/dereineb.com\/"},{"@type":"ListItem","position":2,"name":"Studios"}]},{"@type":"WebSite","@id":"https:\/\/dereineb.com\/#website","url":"https:\/\/dereineb.com\/","name":"M\u00e9thode Dereine B","description":"silhouette affin\u00e9e, jeunesse retrouv\u00e9e, muscles renforc\u00e9s","publisher":{"@id":"https:\/\/dereineb.com\/#organization"},"potentialAction":[{"@type":"SearchAction","target":{"@type":"EntryPoint","urlTemplate":"https:\/\/dereineb.com\/?s={search_term_string}"},"query-input":"required name=search_term_string"}],"inLanguage":"nl-NL"},{"@type":"Organization","@id":"https:\/\/dereineb.com\/#organization","name":"M\u00e9thode Dereine B","url":"https:\/\/dereineb.com\/","logo":{"@type":"ImageObject","inLanguage":"nl-NL","@id":"https:\/\/dereineb.com\/#\/schema\/logo\/image\/","url":"https:\/\/dereineb.com\/wp-content\/uploads\/2023\/11\/MD.B-sidebar.png","contentUrl":"https:\/\/dereineb.com\/wp-content\/uploads\/2023\/11\/MD.B-sidebar.png","width":142,"height":68,"caption":"M\u00e9thode Dereine B"},"image":{"@id":"https:\/\/dereineb.com\/#\/schema\/logo\/image\/"}}]}},"_links":{"self":[{"href":"https:\/\/dereineb.com\/nl\/wp-json\/wp\/v2\/pages\/17378"}],"collection":[{"href":"https:\/\/dereineb.com\/nl\/wp-json\/wp\/v2\/pages"}],"about":[{"href":"https:\/\/dereineb.com\/nl\/wp-json\/wp\/v2\/types\/page"}],"author":[{"embeddable":true,"href":"https:\/\/dereineb.com\/nl\/wp-json\/wp\/v2\/users\/1"}],"replies":[{"embeddable":true,"href":"https:\/\/dereineb.com\/nl\/wp-json\/wp\/v2\/comments?post=17378"}],"version-history":[{"count":37,"href":"https:\/\/dereineb.com\/nl\/wp-json\/wp\/v2\/pages\/17378\/revisions"}],"predecessor-version":[{"id":18285,"href":"https:\/\/dereineb.com\/nl\/wp-json\/wp\/v2\/pages\/17378\/revisions\/18285"}],"wp:attachment":[{"href":"https:\/\/dereineb.com\/nl\/wp-json\/wp\/v2\/media?parent=17378"}],"curies":[{"name":"wp","href":"https:\/\/api.w.org\/{rel}","templated":true}]}}