{"id":18453,"date":"2024-03-15T08:58:25","date_gmt":"2024-03-15T08:58:25","guid":{"rendered":"https:\/\/dereineb.com\/?page_id=18453"},"modified":"2025-02-15T11:07:09","modified_gmt":"2025-02-15T11:07:09","slug":"go","status":"publish","type":"page","link":"https:\/\/dereineb.com\/en\/go\/","title":{"rendered":"1st Consult \u20ac10"},"content":{"rendered":"<div data-elementor-type=\"wp-page\" data-elementor-id=\"18453\" class=\"elementor elementor-18453\" data-elementor-post-type=\"page\">\n\t\t\t\t\t\t<section class=\"elementor-section elementor-top-section elementor-element elementor-element-23764f0 elementor-section-boxed elementor-section-height-default elementor-section-height-default qodef-elementor-content-no\" data-id=\"23764f0\" data-element_type=\"section\" data-settings=\"{&quot;background_background&quot;:&quot;classic&quot;}\">\n\t\t\t\t\t\t<div class=\"elementor-container elementor-column-gap-default\">\n\t\t\t\t\t<div class=\"elementor-column elementor-col-50 elementor-top-column elementor-element elementor-element-18f6326\" data-id=\"18f6326\" data-element_type=\"column\">\n\t\t\t<div class=\"elementor-widget-wrap elementor-element-populated\">\n\t\t\t\t\t\t<div class=\"elementor-element elementor-element-ce3f22f elementor-widget elementor-widget-qi_addons_for_elementor_section_title\" data-id=\"ce3f22f\" data-element_type=\"widget\" data-widget_type=\"qi_addons_for_elementor_section_title.default\">\n\t\t\t\t<div class=\"elementor-widget-container\">\n\t\t\t<div class=\"qodef-shortcode qodef-m  qodef-qi-section-title  qodef-decoration--italic  qodef-link--underline-draw qodef-subtitle-icon--left\">\n\t\t\t\t\t\t<h4 class=\"qodef-m-title\">\n\t\tTake control of the best version of yourself\t<\/h4>\n\t\t\t<\/div>\n\t\t<\/div>\n\t\t\t\t<\/div>\n\t\t\t\t<div class=\"elementor-element elementor-element-e0248ab elementor-widget elementor-widget-image\" data-id=\"e0248ab\" data-element_type=\"widget\" data-widget_type=\"image.default\">\n\t\t\t\t<div class=\"elementor-widget-container\">\n\t\t\t<style>\/*! elementor - v3.23.0 - 05-08-2024 *\/\n.elementor-widget-image{text-align:center}.elementor-widget-image a{display:inline-block}.elementor-widget-image a img[src$=\".svg\"]{width:48px}.elementor-widget-image img{vertical-align:middle;display:inline-block}<\/style>\t\t\t\t\t\t\t\t\t\t<img fetchpriority=\"high\" decoding=\"async\" width=\"650\" height=\"322\" src=\"https:\/\/dereineb.com\/wp-content\/uploads\/2024\/03\/dereineb-consultation-gratuite.jpg\" class=\"attachment-large size-large wp-image-18461\" alt=\"\" srcset=\"https:\/\/dereineb.com\/wp-content\/uploads\/2024\/03\/dereineb-consultation-gratuite.jpg 650w, https:\/\/dereineb.com\/wp-content\/uploads\/2024\/03\/dereineb-consultation-gratuite-300x149.jpg 300w, https:\/\/dereineb.com\/wp-content\/uploads\/2024\/03\/dereineb-consultation-gratuite-18x9.jpg 18w\" sizes=\"(max-width: 650px) 100vw, 650px\" \/>\t\t\t\t\t\t\t\t\t\t\t\t\t<\/div>\n\t\t\t\t<\/div>\n\t\t\t\t<div class=\"elementor-element elementor-element-5a6bd3d elementor-widget elementor-widget-text-editor\" data-id=\"5a6bd3d\" data-element_type=\"widget\" data-widget_type=\"text-editor.default\">\n\t\t\t\t<div class=\"elementor-widget-container\">\n\t\t\t<style>\/*! elementor - v3.23.0 - 05-08-2024 *\/\n.elementor-widget-text-editor.elementor-drop-cap-view-stacked .elementor-drop-cap{background-color:#69727d;color:#fff}.elementor-widget-text-editor.elementor-drop-cap-view-framed .elementor-drop-cap{color:#69727d;border:3px solid;background-color:transparent}.elementor-widget-text-editor:not(.elementor-drop-cap-view-default) .elementor-drop-cap{margin-top:8px}.elementor-widget-text-editor:not(.elementor-drop-cap-view-default) .elementor-drop-cap-letter{width:1em;height:1em}.elementor-widget-text-editor .elementor-drop-cap{float:left;text-align:center;line-height:1;font-size:50px}.elementor-widget-text-editor .elementor-drop-cap-letter{display:inline-block}<\/style>\t\t\t\t<p>Understanding your expectations and developing a personalised plan is the central pillar of the Dereine B Method.<\/p><p>Discover this innovation from Baudouin Dereine, with 40 years of expertise in well-being.\u00a0<\/p><p>Forget the pain and effort of traditional methods. With us, you can expect <strong>results<\/strong> without going on a strict diet or exhausting yourself with training.<\/p>\t\t\t\t\t\t<\/div>\n\t\t\t\t<\/div>\n\t\t\t\t\t<\/div>\n\t\t<\/div>\n\t\t\t\t<div class=\"elementor-column elementor-col-50 elementor-top-column elementor-element elementor-element-801a13c\" data-id=\"801a13c\" data-element_type=\"column\">\n\t\t\t<div class=\"elementor-widget-wrap elementor-element-populated\">\n\t\t\t\t\t\t<div class=\"elementor-element elementor-element-938454d elementor-widget elementor-widget-text-editor\" data-id=\"938454d\" data-element_type=\"widget\" data-widget_type=\"text-editor.default\">\n\t\t\t\t<div class=\"elementor-widget-container\">\n\t\t\t\t\t\t\t<p>Looking for a change? Ask for your 1st consultation.<\/p><p>It will cost <strong>10 \u20ac <\/strong>and will be<strong> without commitment<\/strong>.<br \/>See you soon \ud83d\ude42<\/p>\t\t\t\t\t\t<\/div>\n\t\t\t\t<\/div>\n\t\t\t\t<div class=\"elementor-element elementor-element-f1e958f elementor-widget elementor-widget-image\" data-id=\"f1e958f\" data-element_type=\"widget\" data-widget_type=\"image.default\">\n\t\t\t\t<div class=\"elementor-widget-container\">\n\t\t\t\t\t\t\t\t\t\t\t\t\t\t<a href=\"tel: 32477990442\">\n\t\t\t\t\t\t\t<img decoding=\"async\" width=\"300\" height=\"75\" src=\"https:\/\/dereineb.com\/wp-content\/uploads\/2024\/05\/dereine-cartouche-tel.png\" class=\"attachment-full size-full wp-image-18536\" alt=\"\" srcset=\"https:\/\/dereineb.com\/wp-content\/uploads\/2024\/05\/dereine-cartouche-tel.png 300w, https:\/\/dereineb.com\/wp-content\/uploads\/2024\/05\/dereine-cartouche-tel-18x5.png 18w\" sizes=\"(max-width: 300px) 100vw, 300px\" \/>\t\t\t\t\t\t\t\t<\/a>\n\t\t\t\t\t\t\t\t\t\t\t\t\t<\/div>\n\t\t\t\t<\/div>\n\t\t\t\t<div class=\"elementor-element elementor-element-3291d3a elementor-widget elementor-widget-text-editor\" data-id=\"3291d3a\" data-element_type=\"widget\" data-widget_type=\"text-editor.default\">\n\t\t\t\t<div class=\"elementor-widget-container\">\n\t\t\t\t\t\t\t<p>... and if you'd prefer us to call you back :<\/p>\t\t\t\t\t\t<\/div>\n\t\t\t\t<\/div>\n\t\t\t\t<div class=\"elementor-element elementor-element-6958a3f elementor-widget elementor-widget-qi_addons_for_elementor_wp_forms\" data-id=\"6958a3f\" data-element_type=\"widget\" data-widget_type=\"qi_addons_for_elementor_wp_forms.default\">\n\t\t\t\t<div class=\"elementor-widget-container\">\n\t\t\t<div class=\"qodef-shortcode qodef-m  qodef-qi-wp-forms\">\n\t<div class=\"wpforms-container wpforms-container-full\" id=\"wpforms-18468\"><form id=\"wpforms-form-18468\" class=\"wpforms-validate wpforms-form wpforms-ajax-form\" data-formid=\"18468\" method=\"post\" enctype=\"multipart\/form-data\" action=\"\/en\/wp-json\/wp\/v2\/pages\/18453\" data-token=\"94d22af2ef9f070da578250940b29394\" data-trp-original-action=\"\/en\/wp-json\/wp\/v2\/pages\/18453\"><noscript class=\"wpforms-error-noscript\">Please enable JavaScript in your browser to complete this form.<\/noscript><div class=\"wpforms-field-container\"><div id=\"wpforms-18468-field_2-container\" class=\"wpforms-field wpforms-field-name\" data-field-id=\"2\"><label class=\"wpforms-field-label\" for=\"wpforms-18468-field_2\">First &amp; last name <span class=\"wpforms-required-label\">*<\/span><\/label><input type=\"text\" id=\"wpforms-18468-field_2\" class=\"wpforms-field-large wpforms-field-required\" name=\"wpforms[fields][2]\" required><\/div><div id=\"wpforms-18468-field_3-container\" class=\"wpforms-field wpforms-field-email\" data-field-id=\"3\"><label class=\"wpforms-field-label\" for=\"wpforms-18468-field_3\">E-mail <span class=\"wpforms-required-label\">*<\/span><\/label><input type=\"email\" id=\"wpforms-18468-field_3\" class=\"wpforms-field-large wpforms-field-required\" name=\"wpforms[fields][3]\" required><\/div><div id=\"wpforms-18468-field_4-container\" class=\"wpforms-field wpforms-field-phone\" data-field-id=\"4\"><label class=\"wpforms-field-label\" for=\"wpforms-18468-field_4\">Phone <span class=\"wpforms-required-label\">*<\/span><\/label><input type=\"tel\" id=\"wpforms-18468-field_4\" class=\"wpforms-field-large wpforms-field-required wpforms-smart-phone-field\" data-rule-smart-phone-field=\"true\" name=\"wpforms[fields][4]\" required><\/div><\/div><div class=\"wpforms-submit-container\"><input type=\"hidden\" name=\"wpforms[id]\" value=\"18468\"><input type=\"hidden\" name=\"wpforms[author]\" value=\"1\"><button type=\"submit\" name=\"wpforms[submit]\" id=\"wpforms-submit-18468\" class=\"wpforms-submit\" data-alt-text=\"Envoi...\" data-submit-text=\"Contactez-moi\" aria-live=\"assertive\" value=\"wpforms-submit\">Contact me at<\/button><img decoding=\"async\" src=\"https:\/\/dereineb.com\/wp-content\/plugins\/wpforms\/assets\/images\/submit-spin.svg\" class=\"wpforms-submit-spinner\" style=\"display: none;\" width=\"26\" height=\"26\" alt=\"Loading\"><\/div><input type=\"hidden\" name=\"trp-form-language\" value=\"en\"\/><\/form><\/div>  <!-- .wpforms-container --><\/div>\n\t\t<\/div>\n\t\t\t\t<\/div>\n\t\t\t\t\t<\/div>\n\t\t<\/div>\n\t\t\t\t\t<\/div>\n\t\t<\/section>\n\t\t\t\t<\/div>","protected":false},"excerpt":{"rendered":"<p>Prenez le pas sur la meilleure version de vous-m\u00eame Comprendre vos attentes et \u00e9laborer un plan personnalis\u00e9 est le pilier central de la M\u00e9thode Dereine B. D\u00e9couvrez cette innovation sign\u00e9e Baudouin Dereine, fort de 40 ans d&rsquo;expertise dans le bien-\u00eatre.\u00a0 Oubliez les douleurs et les efforts des m\u00e9thodes traditionnelles. Avec nous, attendez-vous \u00e0 des r\u00e9sultats [&hellip;]<\/p>","protected":false},"author":1,"featured_media":0,"parent":0,"menu_order":0,"comment_status":"closed","ping_status":"closed","template":"page-full-width.php","meta":{"footnotes":""},"yoast_head":"<!-- This site is optimized with the Yoast SEO Premium plugin v21.5 (Yoast SEO v23.3) - https:\/\/yoast.com\/wordpress\/plugins\/seo\/ -->\n<title>1\u00b0 Consultation 10 \u20ac - M\u00e9thode Dereine B<\/title>\n<meta name=\"robots\" content=\"index, follow, max-snippet:-1, max-image-preview:large, max-video-preview:-1\" \/>\n<link rel=\"canonical\" href=\"https:\/\/dereineb.com\/en\/go\/\" \/>\n<meta property=\"og:locale\" content=\"en_GB\" \/>\n<meta property=\"og:type\" content=\"article\" \/>\n<meta property=\"og:title\" content=\"1\u00b0 Consultation 10 \u20ac\" \/>\n<meta property=\"og:description\" content=\"Prenez le pas sur la meilleure version de vous-m\u00eame Comprendre vos attentes et \u00e9laborer un plan personnalis\u00e9 est le pilier central de la M\u00e9thode Dereine B. D\u00e9couvrez cette innovation sign\u00e9e Baudouin Dereine, fort de 40 ans d&rsquo;expertise dans le bien-\u00eatre.\u00a0 Oubliez les douleurs et les efforts des m\u00e9thodes traditionnelles. Avec nous, attendez-vous \u00e0 des r\u00e9sultats [&hellip;]\" \/>\n<meta property=\"og:url\" content=\"https:\/\/dereineb.com\/en\/go\/\" \/>\n<meta property=\"og:site_name\" content=\"M\u00e9thode Dereine B\" \/>\n<meta property=\"article:modified_time\" content=\"2025-02-15T11:07:09+00:00\" \/>\n<meta property=\"og:image\" content=\"https:\/\/dereineb.com\/wp-content\/uploads\/2024\/03\/dereineb-consultation-gratuite.jpg\" \/>\n<meta name=\"twitter:card\" content=\"summary_large_image\" \/>\n<meta name=\"twitter:label1\" content=\"Estimated reading time\" \/>\n\t<meta name=\"twitter:data1\" content=\"1 minute\" \/>\n<script type=\"application\/ld+json\" class=\"yoast-schema-graph\">{\"@context\":\"https:\/\/schema.org\",\"@graph\":[{\"@type\":\"WebPage\",\"@id\":\"https:\/\/dereineb.com\/go\/\",\"url\":\"https:\/\/dereineb.com\/go\/\",\"name\":\"1\u00b0 Consultation 10 \u20ac - M\u00e9thode Dereine B\",\"isPartOf\":{\"@id\":\"https:\/\/dereineb.com\/#website\"},\"primaryImageOfPage\":{\"@id\":\"https:\/\/dereineb.com\/go\/#primaryimage\"},\"image\":{\"@id\":\"https:\/\/dereineb.com\/go\/#primaryimage\"},\"thumbnailUrl\":\"https:\/\/dereineb.com\/wp-content\/uploads\/2024\/03\/dereineb-consultation-gratuite.jpg\",\"datePublished\":\"2024-03-15T08:58:25+00:00\",\"dateModified\":\"2025-02-15T11:07:09+00:00\",\"breadcrumb\":{\"@id\":\"https:\/\/dereineb.com\/go\/#breadcrumb\"},\"inLanguage\":\"en-GB\",\"potentialAction\":[{\"@type\":\"ReadAction\",\"target\":[\"https:\/\/dereineb.com\/go\/\"]}]},{\"@type\":\"ImageObject\",\"inLanguage\":\"en-GB\",\"@id\":\"https:\/\/dereineb.com\/go\/#primaryimage\",\"url\":\"https:\/\/dereineb.com\/wp-content\/uploads\/2024\/03\/dereineb-consultation-gratuite.jpg\",\"contentUrl\":\"https:\/\/dereineb.com\/wp-content\/uploads\/2024\/03\/dereineb-consultation-gratuite.jpg\"},{\"@type\":\"BreadcrumbList\",\"@id\":\"https:\/\/dereineb.com\/go\/#breadcrumb\",\"itemListElement\":[{\"@type\":\"ListItem\",\"position\":1,\"name\":\"Home\",\"item\":\"https:\/\/dereineb.com\/\"},{\"@type\":\"ListItem\",\"position\":2,\"name\":\"1\u00b0 Consultation 10 \u20ac\"}]},{\"@type\":\"WebSite\",\"@id\":\"https:\/\/dereineb.com\/#website\",\"url\":\"https:\/\/dereineb.com\/\",\"name\":\"M\u00e9thode Dereine B\",\"description\":\"silhouette affin\u00e9e, jeunesse retrouv\u00e9e, muscles renforc\u00e9s\",\"publisher\":{\"@id\":\"https:\/\/dereineb.com\/#organization\"},\"potentialAction\":[{\"@type\":\"SearchAction\",\"target\":{\"@type\":\"EntryPoint\",\"urlTemplate\":\"https:\/\/dereineb.com\/?s={search_term_string}\"},\"query-input\":\"required name=search_term_string\"}],\"inLanguage\":\"en-GB\"},{\"@type\":\"Organization\",\"@id\":\"https:\/\/dereineb.com\/#organization\",\"name\":\"M\u00e9thode Dereine B\",\"url\":\"https:\/\/dereineb.com\/\",\"logo\":{\"@type\":\"ImageObject\",\"inLanguage\":\"en-GB\",\"@id\":\"https:\/\/dereineb.com\/#\/schema\/logo\/image\/\",\"url\":\"https:\/\/dereineb.com\/wp-content\/uploads\/2023\/11\/MD.B-sidebar.png\",\"contentUrl\":\"https:\/\/dereineb.com\/wp-content\/uploads\/2023\/11\/MD.B-sidebar.png\",\"width\":142,\"height\":68,\"caption\":\"M\u00e9thode Dereine B\"},\"image\":{\"@id\":\"https:\/\/dereineb.com\/#\/schema\/logo\/image\/\"}}]}<\/script>\n<!-- \/ Yoast SEO Premium plugin. -->","yoast_head_json":{"title":"1\u00b0 Consultation 10 \u20ac - M\u00e9thode Dereine B","robots":{"index":"index","follow":"follow","max-snippet":"max-snippet:-1","max-image-preview":"max-image-preview:large","max-video-preview":"max-video-preview:-1"},"canonical":"https:\/\/dereineb.com\/en\/go\/","og_locale":"en_GB","og_type":"article","og_title":"1\u00b0 Consultation 10 \u20ac","og_description":"Prenez le pas sur la meilleure version de vous-m\u00eame Comprendre vos attentes et \u00e9laborer un plan personnalis\u00e9 est le pilier central de la M\u00e9thode Dereine B. D\u00e9couvrez cette innovation sign\u00e9e Baudouin Dereine, fort de 40 ans d&rsquo;expertise dans le bien-\u00eatre.\u00a0 Oubliez les douleurs et les efforts des m\u00e9thodes traditionnelles. Avec nous, attendez-vous \u00e0 des r\u00e9sultats [&hellip;]","og_url":"https:\/\/dereineb.com\/en\/go\/","og_site_name":"M\u00e9thode Dereine B","article_modified_time":"2025-02-15T11:07:09+00:00","og_image":[{"url":"https:\/\/dereineb.com\/wp-content\/uploads\/2024\/03\/dereineb-consultation-gratuite.jpg"}],"twitter_card":"summary_large_image","twitter_misc":{"Estimated reading time":"1 minute"},"schema":{"@context":"https:\/\/schema.org","@graph":[{"@type":"WebPage","@id":"https:\/\/dereineb.com\/go\/","url":"https:\/\/dereineb.com\/go\/","name":"1\u00b0 Consultation 10 \u20ac - M\u00e9thode Dereine B","isPartOf":{"@id":"https:\/\/dereineb.com\/#website"},"primaryImageOfPage":{"@id":"https:\/\/dereineb.com\/go\/#primaryimage"},"image":{"@id":"https:\/\/dereineb.com\/go\/#primaryimage"},"thumbnailUrl":"https:\/\/dereineb.com\/wp-content\/uploads\/2024\/03\/dereineb-consultation-gratuite.jpg","datePublished":"2024-03-15T08:58:25+00:00","dateModified":"2025-02-15T11:07:09+00:00","breadcrumb":{"@id":"https:\/\/dereineb.com\/go\/#breadcrumb"},"inLanguage":"en-GB","potentialAction":[{"@type":"ReadAction","target":["https:\/\/dereineb.com\/go\/"]}]},{"@type":"ImageObject","inLanguage":"en-GB","@id":"https:\/\/dereineb.com\/go\/#primaryimage","url":"https:\/\/dereineb.com\/wp-content\/uploads\/2024\/03\/dereineb-consultation-gratuite.jpg","contentUrl":"https:\/\/dereineb.com\/wp-content\/uploads\/2024\/03\/dereineb-consultation-gratuite.jpg"},{"@type":"BreadcrumbList","@id":"https:\/\/dereineb.com\/go\/#breadcrumb","itemListElement":[{"@type":"ListItem","position":1,"name":"Home","item":"https:\/\/dereineb.com\/"},{"@type":"ListItem","position":2,"name":"1\u00b0 Consultation 10 \u20ac"}]},{"@type":"WebSite","@id":"https:\/\/dereineb.com\/#website","url":"https:\/\/dereineb.com\/","name":"M\u00e9thode Dereine B","description":"silhouette affin\u00e9e, jeunesse retrouv\u00e9e, muscles renforc\u00e9s","publisher":{"@id":"https:\/\/dereineb.com\/#organization"},"potentialAction":[{"@type":"SearchAction","target":{"@type":"EntryPoint","urlTemplate":"https:\/\/dereineb.com\/?s={search_term_string}"},"query-input":"required name=search_term_string"}],"inLanguage":"en-GB"},{"@type":"Organization","@id":"https:\/\/dereineb.com\/#organization","name":"M\u00e9thode Dereine B","url":"https:\/\/dereineb.com\/","logo":{"@type":"ImageObject","inLanguage":"en-GB","@id":"https:\/\/dereineb.com\/#\/schema\/logo\/image\/","url":"https:\/\/dereineb.com\/wp-content\/uploads\/2023\/11\/MD.B-sidebar.png","contentUrl":"https:\/\/dereineb.com\/wp-content\/uploads\/2023\/11\/MD.B-sidebar.png","width":142,"height":68,"caption":"M\u00e9thode Dereine B"},"image":{"@id":"https:\/\/dereineb.com\/#\/schema\/logo\/image\/"}}]}},"_links":{"self":[{"href":"https:\/\/dereineb.com\/en\/wp-json\/wp\/v2\/pages\/18453"}],"collection":[{"href":"https:\/\/dereineb.com\/en\/wp-json\/wp\/v2\/pages"}],"about":[{"href":"https:\/\/dereineb.com\/en\/wp-json\/wp\/v2\/types\/page"}],"author":[{"embeddable":true,"href":"https:\/\/dereineb.com\/en\/wp-json\/wp\/v2\/users\/1"}],"replies":[{"embeddable":true,"href":"https:\/\/dereineb.com\/en\/wp-json\/wp\/v2\/comments?post=18453"}],"version-history":[{"count":60,"href":"https:\/\/dereineb.com\/en\/wp-json\/wp\/v2\/pages\/18453\/revisions"}],"predecessor-version":[{"id":18614,"href":"https:\/\/dereineb.com\/en\/wp-json\/wp\/v2\/pages\/18453\/revisions\/18614"}],"wp:attachment":[{"href":"https:\/\/dereineb.com\/en\/wp-json\/wp\/v2\/media?parent=18453"}],"curies":[{"name":"wp","href":"https:\/\/api.w.org\/{rel}","templated":true}]}}